{"id":1134,"date":"2018-09-04T16:49:56","date_gmt":"2018-09-04T16:49:56","guid":{"rendered":"http:\/\/escapium-wp.dan-fisher.com\/?page_id=16"},"modified":"2020-11-27T11:21:31","modified_gmt":"2020-11-27T11:21:31","slug":"about","status":"publish","type":"page","link":"https:\/\/brutalquest.com\/wordpress\/index.php\/about\/","title":{"rendered":"Sobre Nosotros"},"content":{"rendered":"\t\t<div data-elementor-type=\"wp-post\" data-elementor-id=\"1134\" class=\"elementor elementor-1134\" data-elementor-settings=\"[]\">\n\t\t\t\t\t\t<div class=\"elementor-inner\">\n\t\t\t\t\t\t\t<div class=\"elementor-section-wrap\">\n\t\t\t\t\t\t\t<section class=\"elementor-section elementor-top-section elementor-element elementor-element-c280751 elementor-section-boxed elementor-section-height-default elementor-section-height-default\" data-id=\"c280751\" data-element_type=\"section\">\n\t\t\t\t\t\t<div class=\"elementor-container elementor-column-gap-default\">\n\t\t\t\t\t\t\t<div class=\"elementor-row\">\n\t\t\t\t\t<div class=\"elementor-column elementor-col-100 elementor-top-column elementor-element elementor-element-afc6364\" data-id=\"afc6364\" data-element_type=\"column\">\n\t\t\t<div class=\"elementor-column-wrap elementor-element-populated\">\n\t\t\t\t\t\t\t<div class=\"elementor-widget-wrap\">\n\t\t\t\t\t\t<div class=\"elementor-element elementor-element-fe56eb5 elementor-widget elementor-widget-spacer\" data-id=\"fe56eb5\" data-element_type=\"widget\" data-widget_type=\"spacer.default\">\n\t\t\t\t<div class=\"elementor-widget-container\">\n\t\t\t\t\t<div class=\"elementor-spacer\">\n\t\t\t<div class=\"elementor-spacer-inner\"><\/div>\n\t\t<\/div>\n\t\t\t\t<\/div>\n\t\t\t\t<\/div>\n\t\t\t\t<div class=\"elementor-element elementor-element-2298348 elementor-widget elementor-widget-escapium-heading-title\" data-id=\"2298348\" data-element_type=\"widget\" data-widget_type=\"escapium-heading-title.default\">\n\t\t\t\t<div class=\"elementor-widget-container\">\n\t\t\t\n\t\t<div class=\"section-heading section-heading--divider-top\">\n\t\t\t<h2 class=\"section-heading__title\">\u00bfC\u00f3mo jugar?<\/h2>\n\t\t\t\t\t<\/div>\n\n\t\t\t\t<\/div>\n\t\t\t\t<\/div>\n\t\t\t\t\t\t<\/div>\n\t\t\t\t\t<\/div>\n\t\t<\/div>\n\t\t\t\t\t\t\t\t<\/div>\n\t\t\t\t\t<\/div>\n\t\t<\/section>\n\t\t\t\t<section class=\"elementor-section elementor-top-section elementor-element elementor-element-6bbebab elementor-section-boxed elementor-section-height-default elementor-section-height-default\" data-id=\"6bbebab\" data-element_type=\"section\">\n\t\t\t\t\t\t<div class=\"elementor-container elementor-column-gap-default\">\n\t\t\t\t\t\t\t<div class=\"elementor-row\">\n\t\t\t\t\t<div class=\"elementor-column elementor-col-33 elementor-top-column elementor-element elementor-element-498a1b0\" data-id=\"498a1b0\" data-element_type=\"column\">\n\t\t\t<div class=\"elementor-column-wrap elementor-element-populated\">\n\t\t\t\t\t\t\t<div class=\"elementor-widget-wrap\">\n\t\t\t\t\t\t<div class=\"elementor-element elementor-element-43d74aa elementor-widget elementor-widget-escapium-iconbox\" data-id=\"43d74aa\" data-element_type=\"widget\" data-widget_type=\"escapium-iconbox.default\">\n\t\t\t\t<div class=\"elementor-widget-container\">\n\t\t\t\n\t\t<!-- Icobox -->\n\t\t<div class=\"icobox\">\n\t\t\t<div class=\"icobox__icon-wrapper\">\n\t\t\t\t<div class=\"icobox__icon\">\n\t\t\t\t\t<i class=\"icon-user-following\"><\/i>\n\t\t\t\t<\/div>\n\t\t\t<\/div>\n\t\t\t<h3 class=\"icobox__title\">\u00bfQui\u00e9n puede jugar?<\/h3>\n\t\t\t<div class=\"icobox__desc\">\n\t\t\t\tBrutalQuest es perfecto para todos. No se necesitan habilidades especiales para pasar un buen rato. Traiga a sus amigos, familiares, compa\u00f1eros de trabajo y divi\u00e9rtase.\t\t\t\t\n\t\t\t<\/div>\n\t\t<\/div>\n\t\t<!-- Icobox \/ End -->\n\n\t\t\t\t<\/div>\n\t\t\t\t<\/div>\n\t\t\t\t\t\t<\/div>\n\t\t\t\t\t<\/div>\n\t\t<\/div>\n\t\t\t\t<div class=\"elementor-column elementor-col-33 elementor-top-column elementor-element elementor-element-f15ca52\" data-id=\"f15ca52\" data-element_type=\"column\">\n\t\t\t<div class=\"elementor-column-wrap elementor-element-populated\">\n\t\t\t\t\t\t\t<div class=\"elementor-widget-wrap\">\n\t\t\t\t\t\t<div class=\"elementor-element elementor-element-07903e2 elementor-widget elementor-widget-escapium-iconbox\" data-id=\"07903e2\" data-element_type=\"widget\" data-widget_type=\"escapium-iconbox.default\">\n\t\t\t\t<div class=\"elementor-widget-container\">\n\t\t\t\n\t\t<!-- Icobox -->\n\t\t<div class=\"icobox\">\n\t\t\t<div class=\"icobox__icon-wrapper\">\n\t\t\t\t<div class=\"icobox__icon\">\n\t\t\t\t\t<i class=\"icon-chemistry\"><\/i>\n\t\t\t\t<\/div>\n\t\t\t<\/div>\n\t\t\t<h3 class=\"icobox__title\">Para team building<\/h3>\n\t\t\t<div class=\"icobox__desc\">\n\t\t\t\tNuestros quests est\u00e1n dise\u00f1ados para una participaci\u00f3n intensa del grupo que intenta resolver todos los acertijos. Es perfecto para la experiencia de creaci\u00f3n de equipos.\t\t\t\t\n\t\t\t<\/div>\n\t\t<\/div>\n\t\t<!-- Icobox \/ End -->\n\n\t\t\t\t<\/div>\n\t\t\t\t<\/div>\n\t\t\t\t\t\t<\/div>\n\t\t\t\t\t<\/div>\n\t\t<\/div>\n\t\t\t\t<div class=\"elementor-column elementor-col-33 elementor-top-column elementor-element elementor-element-3b4f331\" data-id=\"3b4f331\" data-element_type=\"column\">\n\t\t\t<div class=\"elementor-column-wrap elementor-element-populated\">\n\t\t\t\t\t\t\t<div class=\"elementor-widget-wrap\">\n\t\t\t\t\t\t<div class=\"elementor-element elementor-element-ae53a65 elementor-widget elementor-widget-escapium-iconbox\" data-id=\"ae53a65\" data-element_type=\"widget\" data-widget_type=\"escapium-iconbox.default\">\n\t\t\t\t<div class=\"elementor-widget-container\">\n\t\t\t\n\t\t<!-- Icobox -->\n\t\t<div class=\"icobox\">\n\t\t\t<div class=\"icobox__icon-wrapper\">\n\t\t\t\t<div class=\"icobox__icon\">\n\t\t\t\t\t<i class=\"icon-badge\"><\/i>\n\t\t\t\t<\/div>\n\t\t\t<\/div>\n\t\t\t<h3 class=\"icobox__title\">Para eventos especiales<\/h3>\n\t\t\t<div class=\"icobox__desc\">\n\t\t\t\tSea cual sea la celebraci\u00f3n, BrutalQuest est\u00e1 aqu\u00ed para llevarla a otro nivel. Reserve su quest y cont\u00e1ctenos para ver c\u00f3mo podemos ayudar a que cualquier ocasi\u00f3n especial sea a\u00fan mejor.\t\t\t\t\n\t\t\t<\/div>\n\t\t<\/div>\n\t\t<!-- Icobox \/ End -->\n\n\t\t\t\t<\/div>\n\t\t\t\t<\/div>\n\t\t\t\t\t\t<\/div>\n\t\t\t\t\t<\/div>\n\t\t<\/div>\n\t\t\t\t\t\t\t\t<\/div>\n\t\t\t\t\t<\/div>\n\t\t<\/section>\n\t\t\t\t<section class=\"elementor-section elementor-top-section elementor-element elementor-element-f274670 elementor-section-full_width elementor-section-height-default elementor-section-height-default\" data-id=\"f274670\" data-element_type=\"section\" data-settings=\"{&quot;background_background&quot;:&quot;classic&quot;}\">\n\t\t\t\t\t\t<div class=\"elementor-container elementor-column-gap-default\">\n\t\t\t\t\t\t\t<div class=\"elementor-row\">\n\t\t\t\t\t<div class=\"elementor-column elementor-col-100 elementor-top-column elementor-element elementor-element-8bc9288\" data-id=\"8bc9288\" data-element_type=\"column\">\n\t\t\t<div class=\"elementor-column-wrap elementor-element-populated\">\n\t\t\t\t\t\t\t<div class=\"elementor-widget-wrap\">\n\t\t\t\t\t\t<div class=\"elementor-element elementor-element-0acb374 elementor-widget elementor-widget-spacer\" data-id=\"0acb374\" data-element_type=\"widget\" data-widget_type=\"spacer.default\">\n\t\t\t\t<div class=\"elementor-widget-container\">\n\t\t\t\t\t<div class=\"elementor-spacer\">\n\t\t\t<div class=\"elementor-spacer-inner\"><\/div>\n\t\t<\/div>\n\t\t\t\t<\/div>\n\t\t\t\t<\/div>\n\t\t\t\t<div class=\"elementor-element elementor-element-7153dd3 elementor-aspect-ratio-219 elementor-widget elementor-widget-video\" data-id=\"7153dd3\" data-element_type=\"widget\" data-settings=\"{&quot;aspect_ratio&quot;:&quot;219&quot;}\" data-widget_type=\"video.default\">\n\t\t\t\t<div class=\"elementor-widget-container\">\n\t\t\t\t\t<div class=\"elementor-wrapper elementor-fit-aspect-ratio elementor-open-inline\">\n\t\t\t<iframe class=\"elementor-video-iframe\" allowfullscreen title=\"Reproductor de v\u00eddeo youtube\" src=\"https:\/\/www.youtube.com\/embed\/9uOETcuFjbE?feature=oembed&amp;start=0&amp;end&amp;wmode=opaque&amp;loop=0&amp;controls=1&amp;mute=0&amp;rel=0&amp;modestbranding=0\"><\/iframe>\t\t\t\t<div class=\"elementor-custom-embed-image-overlay\" style=\"background-image: url(https:\/\/brutalquest.com\/wordpress\/wp-content\/uploads\/2018\/10\/video-placeholder.jpg);\">\n\t\t\t\t\t\t\t\t\t\t\t\t\t\t\t\t<div class=\"elementor-custom-embed-play\" role=\"button\">\n\t\t\t\t\t\t\t<i class=\"eicon-play\" aria-hidden=\"true\"><\/i>\n\t\t\t\t\t\t\t<span class=\"elementor-screen-only\">Reproducir v\u00eddeo<\/span>\n\t\t\t\t\t\t<\/div>\n\t\t\t\t\t\t\t\t\t<\/div>\n\t\t\t\t\t<\/div>\n\t\t\t\t<\/div>\n\t\t\t\t<\/div>\n\t\t\t\t\t\t<\/div>\n\t\t\t\t\t<\/div>\n\t\t<\/div>\n\t\t\t\t\t\t\t\t<\/div>\n\t\t\t\t\t<\/div>\n\t\t<\/section>\n\t\t\t\t<section class=\"elementor-section elementor-top-section elementor-element elementor-element-b9f938b elementor-section-boxed elementor-section-height-default elementor-section-height-default\" data-id=\"b9f938b\" data-element_type=\"section\" data-settings=\"{&quot;background_background&quot;:&quot;classic&quot;}\">\n\t\t\t\t\t\t<div class=\"elementor-container elementor-column-gap-default\">\n\t\t\t\t\t\t\t<div class=\"elementor-row\">\n\t\t\t\t\t<div class=\"elementor-column elementor-col-100 elementor-top-column elementor-element elementor-element-a896875\" data-id=\"a896875\" data-element_type=\"column\">\n\t\t\t<div class=\"elementor-column-wrap elementor-element-populated\">\n\t\t\t\t\t\t\t<div class=\"elementor-widget-wrap\">\n\t\t\t\t\t\t<div class=\"elementor-element elementor-element-7ce5550 elementor-widget elementor-widget-spacer\" data-id=\"7ce5550\" data-element_type=\"widget\" data-widget_type=\"spacer.default\">\n\t\t\t\t<div class=\"elementor-widget-container\">\n\t\t\t\t\t<div class=\"elementor-spacer\">\n\t\t\t<div class=\"elementor-spacer-inner\"><\/div>\n\t\t<\/div>\n\t\t\t\t<\/div>\n\t\t\t\t<\/div>\n\t\t\t\t<div class=\"elementor-element elementor-element-44ff4ae elementor-widget elementor-widget-escapium-heading-title\" data-id=\"44ff4ae\" data-element_type=\"widget\" data-widget_type=\"escapium-heading-title.default\">\n\t\t\t\t<div class=\"elementor-widget-container\">\n\t\t\t\n\t\t<div class=\"section-heading section-heading--divider-top\">\n\t\t\t<h2 class=\"section-heading__title\">Nuestro Equipo<\/h2>\n\t\t\t\t\t<\/div>\n\n\t\t\t\t<\/div>\n\t\t\t\t<\/div>\n\t\t\t\t\t\t<\/div>\n\t\t\t\t\t<\/div>\n\t\t<\/div>\n\t\t\t\t\t\t\t\t<\/div>\n\t\t\t\t\t<\/div>\n\t\t<\/section>\n\t\t\t\t<section class=\"elementor-section elementor-top-section elementor-element elementor-element-05edaae elementor-section-boxed elementor-section-height-default elementor-section-height-default\" data-id=\"05edaae\" data-element_type=\"section\" data-settings=\"{&quot;background_background&quot;:&quot;classic&quot;}\">\n\t\t\t\t\t\t<div class=\"elementor-container elementor-column-gap-default\">\n\t\t\t\t\t\t\t<div class=\"elementor-row\">\n\t\t\t\t\t<div class=\"elementor-column elementor-col-33 elementor-top-column elementor-element elementor-element-25769c4\" data-id=\"25769c4\" data-element_type=\"column\">\n\t\t\t<div class=\"elementor-column-wrap elementor-element-populated\">\n\t\t\t\t\t\t\t<div class=\"elementor-widget-wrap\">\n\t\t\t\t\t\t<div class=\"elementor-element elementor-element-89349fb elementor-widget elementor-widget-escapium-team-member\" data-id=\"89349fb\" data-element_type=\"widget\" data-widget_type=\"escapium-team-member.default\">\n\t\t\t\t<div class=\"elementor-widget-container\">\n\t\t\t\n\t\t<div class=\"team-member team-member--hover\">\n\t\t\t<figure class=\"team-member__photo\">\n\t\t\t\t\t\t\t\t\t<img src=\"https:\/\/brutalquest.com\/wordpress\/wp-content\/uploads\/2018\/10\/member-photo-1.jpg\" alt=\"\">\n\t\t\t\t\t\t\t<\/figure>\n\t\t\t<div class=\"team-member__info\">\n\t\t\t\t<h3 class=\"team-member__title\">Daniel Ram\u00f3n<\/h3>\n\t\t\t\t<p class=\"team-member__meta\">Co-Creator<\/p>\n\t\t\t<\/div>\n\t\t<\/div>\n\n\t\t\t\t<\/div>\n\t\t\t\t<\/div>\n\t\t\t\t\t\t<\/div>\n\t\t\t\t\t<\/div>\n\t\t<\/div>\n\t\t\t\t<div class=\"elementor-column elementor-col-33 elementor-top-column elementor-element elementor-element-62583c7\" data-id=\"62583c7\" data-element_type=\"column\">\n\t\t\t<div class=\"elementor-column-wrap\">\n\t\t\t\t\t\t\t<div class=\"elementor-widget-wrap\">\n\t\t\t\t\t\t\t\t<\/div>\n\t\t\t\t\t<\/div>\n\t\t<\/div>\n\t\t\t\t<div class=\"elementor-column elementor-col-33 elementor-top-column elementor-element elementor-element-8ae3e6d\" data-id=\"8ae3e6d\" data-element_type=\"column\">\n\t\t\t<div class=\"elementor-column-wrap elementor-element-populated\">\n\t\t\t\t\t\t\t<div class=\"elementor-widget-wrap\">\n\t\t\t\t\t\t<div class=\"elementor-element elementor-element-d2d963f elementor-widget elementor-widget-escapium-team-member\" data-id=\"d2d963f\" data-element_type=\"widget\" data-widget_type=\"escapium-team-member.default\">\n\t\t\t\t<div class=\"elementor-widget-container\">\n\t\t\t\n\t\t<div class=\"team-member team-member--hover\">\n\t\t\t<figure class=\"team-member__photo\">\n\t\t\t\t\t\t\t\t\t<img src=\"https:\/\/brutalquest.com\/wordpress\/wp-content\/uploads\/2018\/10\/member-photo-2.jpg\" alt=\"\">\n\t\t\t\t\t\t\t<\/figure>\n\t\t\t<div class=\"team-member__info\">\n\t\t\t\t<h3 class=\"team-member__title\">Ivan Mart\u00ednez<\/h3>\n\t\t\t\t<p class=\"team-member__meta\">Co-Creator<\/p>\n\t\t\t<\/div>\n\t\t<\/div>\n\n\t\t\t\t<\/div>\n\t\t\t\t<\/div>\n\t\t\t\t<div class=\"elementor-element elementor-element-22edb72 elementor-widget elementor-widget-spacer\" data-id=\"22edb72\" data-element_type=\"widget\" data-widget_type=\"spacer.default\">\n\t\t\t\t<div class=\"elementor-widget-container\">\n\t\t\t\t\t<div class=\"elementor-spacer\">\n\t\t\t<div class=\"elementor-spacer-inner\"><\/div>\n\t\t<\/div>\n\t\t\t\t<\/div>\n\t\t\t\t<\/div>\n\t\t\t\t\t\t<\/div>\n\t\t\t\t\t<\/div>\n\t\t<\/div>\n\t\t\t\t\t\t\t\t<\/div>\n\t\t\t\t\t<\/div>\n\t\t<\/section>\n\t\t\t\t<section class=\"elementor-section elementor-top-section elementor-element elementor-element-109f062 section-content--tertiary elementor-section-boxed elementor-section-height-default elementor-section-height-default\" data-id=\"109f062\" data-element_type=\"section\" data-settings=\"{&quot;background_background&quot;:&quot;classic&quot;}\">\n\t\t\t\t\t\t<div class=\"elementor-container elementor-column-gap-default\">\n\t\t\t\t\t\t\t<div class=\"elementor-row\">\n\t\t\t\t\t<div class=\"elementor-column elementor-col-16 elementor-top-column elementor-element elementor-element-1f2d4ae\" data-id=\"1f2d4ae\" data-element_type=\"column\">\n\t\t\t<div class=\"elementor-column-wrap\">\n\t\t\t\t\t\t\t<div class=\"elementor-widget-wrap\">\n\t\t\t\t\t\t\t\t<\/div>\n\t\t\t\t\t<\/div>\n\t\t<\/div>\n\t\t\t\t<div class=\"elementor-column elementor-col-66 elementor-top-column elementor-element elementor-element-6d0b588\" data-id=\"6d0b588\" data-element_type=\"column\">\n\t\t\t<div class=\"elementor-column-wrap elementor-element-populated\">\n\t\t\t\t\t\t\t<div class=\"elementor-widget-wrap\">\n\t\t\t\t\t\t<div class=\"elementor-element elementor-element-f6ef1b1 elementor-widget elementor-widget-spacer\" data-id=\"f6ef1b1\" data-element_type=\"widget\" data-widget_type=\"spacer.default\">\n\t\t\t\t<div class=\"elementor-widget-container\">\n\t\t\t\t\t<div class=\"elementor-spacer\">\n\t\t\t<div class=\"elementor-spacer-inner\"><\/div>\n\t\t<\/div>\n\t\t\t\t<\/div>\n\t\t\t\t<\/div>\n\t\t\t\t<div class=\"elementor-element elementor-element-b0cda8b elementor-widget elementor-widget-escapium-heading-title\" data-id=\"b0cda8b\" data-element_type=\"widget\" data-widget_type=\"escapium-heading-title.default\">\n\t\t\t\t<div class=\"elementor-widget-container\">\n\t\t\t\n\t\t<div class=\"section-heading section-heading--divider-top\">\n\t\t\t<h2 class=\"section-heading__title\">FAQs<\/h2>\n\t\t\t\t\t\t<div class=\"section-heading__subtitle section-heading__subtitle--default\">\n\t\t\t\t Si su pregunta no ha sido respondida aqu\u00ed, no dude en contactarnos.\t\t\t<\/div>\n\t\t\t\t\t<\/div>\n\n\t\t\t\t<\/div>\n\t\t\t\t<\/div>\n\t\t\t\t<div class=\"elementor-element elementor-element-843ecaf elementor-widget elementor-widget-escapium-accordion\" data-id=\"843ecaf\" data-element_type=\"widget\" data-widget_type=\"escapium-accordion.default\">\n\t\t\t\t<div class=\"elementor-widget-container\">\n\t\t\t\n\t\t\t\t\t<div id=\"accordion-69e1552943338\" role=\"tablist\" class=\"accordion\">\n\t\t\t\t\t\t\t\t\t\t\t\t\t\t<div class=\"accordion__item\">\n\t\t\t\t\t\t<a role=\"tab\" id=\"heading75db9d2\" data-toggle=\"collapse\" href=\"#collapse75db9d2\" aria-expanded=\"false\" aria-controls=\"collapse75db9d2\" class=\"accordion__item-header collapsed\">\n\t\t\t\t\t\t\t<h3>\u00bfCu\u00e1nto suele durar cada Quest?<\/h3>\n\t\t\t\t\t\t<\/a>\n\t\t\t\t\t\t<div id=\"collapse75db9d2\" class=\"collapse\" role=\"tabpanel\" aria-labelledby=\"heading75db9d2\" data-parent=\"#accordion-69e1552943338\">\n\t\t\t\t\t\t\t<div class=\"accordion__item-body\">Eso va a depender de diferentes factores como la cantidad de preguntas, la dificultad de los acertijos, etc.\nPero no te preocupes ya que si un acertijo te resulta imposible existe la posibilidad de saltarse ese acertijo o bien pedir una pista. Pero ten cuidado, ya que saltarse un acertijo o pedir una pista conlleva una penalizaci\u00f3n de tiempo que puede marcar la diferencia al final.<\/div>\n\t\t\t\t\t\t<\/div>\n\t\t\t\t\t<\/div>\n\t\t\t\t\t\t\t\t\t\t\t\t\t\t<div class=\"accordion__item\">\n\t\t\t\t\t\t<a role=\"tab\" id=\"headingdec7ba4\" data-toggle=\"collapse\" href=\"#collapsedec7ba4\" aria-expanded=\"false\" aria-controls=\"collapsedec7ba4\" class=\"accordion__item-header collapsed\">\n\t\t\t\t\t\t\t<h3> \u00bfPuedo jugar m\u00e1s de un Quest?<\/h3>\n\t\t\t\t\t\t<\/a>\n\t\t\t\t\t\t<div id=\"collapsedec7ba4\" class=\"collapse\" role=\"tabpanel\" aria-labelledby=\"headingdec7ba4\" data-parent=\"#accordion-69e1552943338\">\n\t\t\t\t\t\t\t<div class=\"accordion__item-body\">Un Quest es una experiencia en la cual los jugadores deber\u00e1n tratar de resolver cada acertijo para poder terminarlo.\nCada Quest tiene sus peculiaridades y eso hace que cada Quest sea un desaf\u00edo diferente. Por lo tanto no solo puedes jugar mas de un Quest sino que es hasta recomendable ya que cada Quest que t\u00fa juegues te va a aportar una experiencia \u00fanica e irrepetible.<\/div>\n\t\t\t\t\t\t<\/div>\n\t\t\t\t\t<\/div>\n\t\t\t\t\t\t\t\t\t\t\t\t\t\t<div class=\"accordion__item\">\n\t\t\t\t\t\t<a role=\"tab\" id=\"heading0d54d9f\" data-toggle=\"collapse\" href=\"#collapse0d54d9f\" aria-expanded=\"false\" aria-controls=\"collapse0d54d9f\" class=\"accordion__item-header collapsed\">\n\t\t\t\t\t\t\t<h3>\u00bfCuanta gente puede participar?<\/h3>\n\t\t\t\t\t\t<\/a>\n\t\t\t\t\t\t<div id=\"collapse0d54d9f\" class=\"collapse\" role=\"tabpanel\" aria-labelledby=\"heading0d54d9f\" data-parent=\"#accordion-69e1552943338\">\n\t\t\t\t\t\t\t<div class=\"accordion__item-body\">Cada grupo tiene un m\u00e1ximo de 5 dispositivos para poder acceder a cada Quest. \nPero competir\u00e9is contra otros grupos para estar en lo mas alto del ranking. Solo los mas r\u00e1pidos ser\u00e1n los primeros.<\/div>\n\t\t\t\t\t\t<\/div>\n\t\t\t\t\t<\/div>\n\t\t\t\t\t\t\t<\/div>\n\t\t\n\t\t\t\t<\/div>\n\t\t\t\t<\/div>\n\t\t\t\t<div class=\"elementor-element elementor-element-5680b21 elementor-widget elementor-widget-spacer\" data-id=\"5680b21\" data-element_type=\"widget\" data-widget_type=\"spacer.default\">\n\t\t\t\t<div class=\"elementor-widget-container\">\n\t\t\t\t\t<div class=\"elementor-spacer\">\n\t\t\t<div class=\"elementor-spacer-inner\"><\/div>\n\t\t<\/div>\n\t\t\t\t<\/div>\n\t\t\t\t<\/div>\n\t\t\t\t\t\t<\/div>\n\t\t\t\t\t<\/div>\n\t\t<\/div>\n\t\t\t\t<div class=\"elementor-column elementor-col-16 elementor-top-column elementor-element elementor-element-8b34b98\" data-id=\"8b34b98\" data-element_type=\"column\">\n\t\t\t<div class=\"elementor-column-wrap\">\n\t\t\t\t\t\t\t<div class=\"elementor-widget-wrap\">\n\t\t\t\t\t\t\t\t<\/div>\n\t\t\t\t\t<\/div>\n\t\t<\/div>\n\t\t\t\t\t\t\t\t<\/div>\n\t\t\t\t\t<\/div>\n\t\t<\/section>\n\t\t\t\t\t\t<\/div>\n\t\t\t\t\t\t<\/div>\n\t\t\t\t\t<\/div>\n\t\t","protected":false},"excerpt":{"rendered":"","protected":false},"author":1,"featured_media":0,"parent":0,"menu_order":0,"comment_status":"closed","ping_status":"closed","template":"elementor_header_footer","meta":[],"_links":{"self":[{"href":"https:\/\/brutalquest.com\/wordpress\/index.php\/wp-json\/wp\/v2\/pages\/1134"}],"collection":[{"href":"https:\/\/brutalquest.com\/wordpress\/index.php\/wp-json\/wp\/v2\/pages"}],"about":[{"href":"https:\/\/brutalquest.com\/wordpress\/index.php\/wp-json\/wp\/v2\/types\/page"}],"author":[{"embeddable":true,"href":"https:\/\/brutalquest.com\/wordpress\/index.php\/wp-json\/wp\/v2\/users\/1"}],"replies":[{"embeddable":true,"href":"https:\/\/brutalquest.com\/wordpress\/index.php\/wp-json\/wp\/v2\/comments?post=1134"}],"version-history":[{"count":26,"href":"https:\/\/brutalquest.com\/wordpress\/index.php\/wp-json\/wp\/v2\/pages\/1134\/revisions"}],"predecessor-version":[{"id":1276,"href":"https:\/\/brutalquest.com\/wordpress\/index.php\/wp-json\/wp\/v2\/pages\/1134\/revisions\/1276"}],"wp:attachment":[{"href":"https:\/\/brutalquest.com\/wordpress\/index.php\/wp-json\/wp\/v2\/media?parent=1134"}],"curies":[{"name":"wp","href":"https:\/\/api.w.org\/{rel}","templated":true}]}}